{"id":34186,"date":"2024-08-23T14:12:17","date_gmt":"2024-08-23T17:12:17","guid":{"rendered":"https:\/\/site.abto.org.br\/?page_id=34186"},"modified":"2025-08-25T11:47:55","modified_gmt":"2025-08-25T14:47:55","slug":"caminhada-setembro-verde","status":"publish","type":"page","link":"https:\/\/site.abto.org.br\/en\/caminhada-setembro-verde\/","title":{"rendered":"Caminhada Setembro Verde"},"content":{"rendered":"<p><strong>Vem caminhar pela vida com a gente! \ud83d\udc9a<\/strong><br>No dia <strong>14 de setembro, \u00e0s 10h<\/strong>, a Avenida Paulista vai se encher de cor, m\u00fasica e esperan\u00e7a com a tradicional <strong>Caminhada \u201cDoando Vida\u201d<\/strong>, parte da campanha <strong>Setembro Verde 2025<\/strong>.<\/p>\n\n\n\n<p>\ud83d\udc49 <strong>A caminhada \u00e9 aberta a todos e n\u00e3o \u00e9 obrigat\u00f3rio se inscrever para participar.<\/strong><br>No entanto, <strong>quem deseja retirar a camiseta oficial precisa preencher o formul\u00e1rio de inscri\u00e7\u00e3o abaixo<\/strong>.<\/p>\n\n\n\n<p>\ud83d\udccd Concentra\u00e7\u00e3o em frente ao pr\u00e9dio da FIESP.<br>\ud83d\udd59 A partir das 10h \u2013 com direito a muita energia ao som da <strong>Bateria Enfarta!<\/strong><\/p>\n\n\n\n<p>\ud83d\udc55 <strong>Garanta sua camiseta oficial da caminhada!<\/strong> A distribui\u00e7\u00e3o ser\u00e1 gratuita, por\u00e9m <strong>as quantidades s\u00e3o limitadas<\/strong>. N\u00e3o deixe para a \u00faltima hora.<\/p>\n\n\n\n<p>\ud83d\udca1 Dica especial: se puder, venha de verde! Assim, transformamos a Paulista em um mar de esperan\u00e7a e mostramos juntos a for\u00e7a dessa causa.<\/p>\n\n\n\n<p>\u2728 N\u00e3o fique de fora dessa corrente do bem. <strong>Doe vida, doe esperan\u00e7a, doe \u00f3rg\u00e3os!<\/strong><\/p>","protected":false},"excerpt":{"rendered":"<p>Vem caminhar pela vida com a gente! \ud83d\udc9aNo dia 14 de setembro, \u00e0s 10h, a [&hellip;]<\/p>\n","protected":false},"author":3,"featured_media":0,"parent":0,"menu_order":0,"comment_status":"closed","ping_status":"closed","template":"","meta":{"_acf_changed":false,"footnotes":""},"class_list":["post-34186","page","type-page","status-publish","hentry"],"acf":[],"_links":{"self":[{"href":"https:\/\/site.abto.org.br\/en\/wp-json\/wp\/v2\/pages\/34186","targetHints":{"allow":["GET"]}}],"collection":[{"href":"https:\/\/site.abto.org.br\/en\/wp-json\/wp\/v2\/pages"}],"about":[{"href":"https:\/\/site.abto.org.br\/en\/wp-json\/wp\/v2\/types\/page"}],"author":[{"embeddable":true,"href":"https:\/\/site.abto.org.br\/en\/wp-json\/wp\/v2\/users\/3"}],"replies":[{"embeddable":true,"href":"https:\/\/site.abto.org.br\/en\/wp-json\/wp\/v2\/comments?post=34186"}],"version-history":[{"count":0,"href":"https:\/\/site.abto.org.br\/en\/wp-json\/wp\/v2\/pages\/34186\/revisions"}],"wp:attachment":[{"href":"https:\/\/site.abto.org.br\/en\/wp-json\/wp\/v2\/media?parent=34186"}],"curies":[{"name":"wp","href":"https:\/\/api.w.org\/{rel}","templated":true}]}}