{"id":35008,"date":"2025-02-05T09:50:27","date_gmt":"2025-02-05T12:50:27","guid":{"rendered":"https:\/\/site.abto.org.br\/?page_id=35008"},"modified":"2025-02-05T09:51:50","modified_gmt":"2025-02-05T12:51:50","slug":"parceria-abto-tts","status":"publish","type":"page","link":"https:\/\/site.abto.org.br\/en\/parceria-abto-tts\/","title":{"rendered":"Parceria ABTO TTS"},"content":{"rendered":"<p><strong>Aten\u00e7\u00e3o associados da ABTO!!<\/strong> Temos a grata satisfa\u00e7\u00e3o de anunciar que, a partir deste ano, ou seja,\u00a0do m\u00eas de janeiro de 2025, todos os nossos associados, ter\u00e3o, automaticamente, sua inscri\u00e7\u00e3o realizada na\u00a0\u00a0<strong>The Transplantation Society (TTS)<\/strong>,\u00a0sem qualquer custo adicional, assim que quitar sua anuidade.<\/p>\n\n\n\n<p>Assim sendo, alertamos a todos que mantenham sua anuidade em dia, para que possam desfrutar desse excelente benef\u00edcio, cujas vantagens est\u00e3o descritas no anexo.<\/p>\n\n\n\n<p>Quanto aos novos associados, estes tamb\u00e9m ter\u00e3o esse direito,<\/p>\n\n\n\n<p>t\u00e3o logo realizem sua inscri\u00e7\u00e3o na ABTO.<\/p>\n\n\n\n<p>\u00c9 um privil\u00e9gio para n\u00f3s, poder favorecer a quem nos privilegia.<br><\/p>\n\n\n\n<figure class=\"wp-block-image size-large\"><img decoding=\"async\" width=\"819\" height=\"1024\" data-src=\"https:\/\/site.abto.org.br\/wp-content\/uploads\/2025\/02\/beneficios-aos-socios-819x1024.png\" alt=\"\" class=\"wp-image-35007 lazyload\" title=\"\" data-srcset=\"https:\/\/site.abto.org.br\/wp-content\/uploads\/2025\/02\/beneficios-aos-socios-819x1024.png 819w, https:\/\/site.abto.org.br\/wp-content\/uploads\/2025\/02\/beneficios-aos-socios-240x300.png 240w, https:\/\/site.abto.org.br\/wp-content\/uploads\/2025\/02\/beneficios-aos-socios-768x960.png 768w, https:\/\/site.abto.org.br\/wp-content\/uploads\/2025\/02\/beneficios-aos-socios-10x12.png 10w, https:\/\/site.abto.org.br\/wp-content\/uploads\/2025\/02\/beneficios-aos-socios-600x750.png 600w, https:\/\/site.abto.org.br\/wp-content\/uploads\/2025\/02\/beneficios-aos-socios.png 1080w\" data-sizes=\"(max-width: 819px) 100vw, 819px\" src=\"data:image\/svg+xml;base64,PHN2ZyB3aWR0aD0iMSIgaGVpZ2h0PSIxIiB4bWxucz0iaHR0cDovL3d3dy53My5vcmcvMjAwMC9zdmciPjwvc3ZnPg==\" style=\"--smush-placeholder-width: 819px; --smush-placeholder-aspect-ratio: 819\/1024;\" \/><\/figure>","protected":false},"excerpt":{"rendered":"<p>Aten\u00e7\u00e3o associados da ABTO!! Temos a grata satisfa\u00e7\u00e3o de anunciar que, a partir deste ano, [&hellip;]<\/p>","protected":false},"author":3,"featured_media":0,"parent":0,"menu_order":0,"comment_status":"closed","ping_status":"closed","template":"","meta":{"_acf_changed":false,"footnotes":""},"class_list":["post-35008","page","type-page","status-publish","hentry"],"acf":[],"_links":{"self":[{"href":"https:\/\/site.abto.org.br\/en\/wp-json\/wp\/v2\/pages\/35008","targetHints":{"allow":["GET"]}}],"collection":[{"href":"https:\/\/site.abto.org.br\/en\/wp-json\/wp\/v2\/pages"}],"about":[{"href":"https:\/\/site.abto.org.br\/en\/wp-json\/wp\/v2\/types\/page"}],"author":[{"embeddable":true,"href":"https:\/\/site.abto.org.br\/en\/wp-json\/wp\/v2\/users\/3"}],"replies":[{"embeddable":true,"href":"https:\/\/site.abto.org.br\/en\/wp-json\/wp\/v2\/comments?post=35008"}],"version-history":[{"count":0,"href":"https:\/\/site.abto.org.br\/en\/wp-json\/wp\/v2\/pages\/35008\/revisions"}],"wp:attachment":[{"href":"https:\/\/site.abto.org.br\/en\/wp-json\/wp\/v2\/media?parent=35008"}],"curies":[{"name":"wp","href":"https:\/\/api.w.org\/{rel}","templated":true}]}}