{"id":35126,"date":"2025-03-17T16:56:21","date_gmt":"2025-03-17T19:56:21","guid":{"rendered":"https:\/\/site.abto.org.br\/?page_id=35126"},"modified":"2025-03-17T16:56:51","modified_gmt":"2025-03-17T19:56:51","slug":"world-transplant-games-federation-wtgf-federacao-mundial-de-jogos-de-transplante","status":"publish","type":"page","link":"https:\/\/site.abto.org.br\/en\/world-transplant-games-federation-wtgf-federacao-mundial-de-jogos-de-transplante\/","title":{"rendered":"World Transplant Games Federation (WTGF) Federa\u00e7\u00e3o Mundial de Jogos de Transplante"},"content":{"rendered":"<h2 class=\"wp-block-heading\">Programa REFIT FOR LIFE - Para pacientes transplantados<\/h2>\n\n\n\n<p>A <strong>WTGF<\/strong> est\u00e1 comprometida em celebrar o sucesso do transplante por meio do esporte, promovendo a doa\u00e7\u00e3o de \u00f3rg\u00e3os e apoiando os receptores de transplantes e a comunidade de transplantes em geral no mundo todo. Trabalha em estreita colabora\u00e7\u00e3o com organiza\u00e7\u00f5es e sociedades associadas em todo o mundo para fornecer programas de reabilita\u00e7\u00e3o gratuitos para a comunidade de transplantes.<\/p>\n\n\n\n<p>Foi-nos apresentado o programa <strong>Refit for Life<\/strong>, projetado especificamente para ajudar receptores de transplante a recuperar e manter sua aptid\u00e3o f\u00edsica e bem-estar geral ap\u00f3s o transplante. \u00c9 um programa de reabilita\u00e7\u00e3o on-line GRATUITO, que oferece recursos e orienta\u00e7\u00e3o sobre nutri\u00e7\u00e3o, exerc\u00edcios, bem-estar mental e muito mais. Acreditamos que o <strong>Refit for Life<\/strong> pode ser uma ferramenta inestim\u00e1vel para os pacientes, ajudando-os a se reintegrarem ativamente em suas vidas di\u00e1rias.<\/p>\n\n\n\n<p>Ap\u00f3s o registro, que poder\u00e1 ser feito, tamb\u00e9m, pelo QR Code acima, os participantes t\u00eam acesso a v\u00e1rios cursos em v\u00eddeo e programas de exerc\u00edcios projetados para ajud\u00e1-los a se movimentar, comer de forma saud\u00e1vel e melhorar seu bem-estar mental. O programa inclui materiais para download e videoaulas sobre Pilates, aten\u00e7\u00e3o plena, alongamento e flexibilidade, psicologia esportiva e ioga.<\/p>\n\n\n\n<p>Al\u00e9m disso, voc\u00ea pode se manter informado sobre outras iniciativas, incluindo programas dedicados ao bem-estar de mulheres, homens e jovens, bem como a outras pesquisas, assinando o newsletter no site da WTGF ou seguindo-os nos seguintes canais de m\u00eddia social:<\/p>\n\n\n\n<p><strong>World Transplant Games Federation<\/strong><\/p>\n\n\n\n<p><strong>Email: &nbsp;<\/strong><a href=\"mailto:refitinfo@wtgf.org\">refitinfo@wtgf.org<\/a><\/p>\n\n\n\n<p><strong>Website: &nbsp;<\/strong><a href=\"http:\/\/www.wtgf.org\" target=\"_blank\" rel=\"noopener\">www.wtgf.org<\/a><\/p>\n\n\n\n<p><strong>Facebook:&nbsp;<\/strong><a href=\"https:\/\/www.facebook.com\/WorldTransplantGamesFederation\" target=\"_blank\" rel=\"noopener\">https:\/\/www.facebook.com\/WorldTransplantGamesFederation<\/a><\/p>\n\n\n\n<p><strong>Linkedin:<\/strong> <a href=\"https:\/\/www.linkedin.com\/company\/10428130\/admin\/dashboard\/\" target=\"_blank\" rel=\"noopener\">https:\/\/www.linkedin.com\/company\/10428130\/admin\/dashboard\/<\/a><\/p>\n\n\n\n<p><strong>Instagram: <\/strong><a href=\"https:\/\/www.instagram.com\/worldtransplantgames\/\" target=\"_blank\" rel=\"noopener\">https:\/\/www.instagram.com\/worldtransplantgames\/<\/a><\/p>\n\n\n\n<p><strong>Twitter:<\/strong><a href=\"https:\/\/x.com\/WTGF1\">https:\/\/x.com\/WTGF1<\/a><\/p>","protected":false},"excerpt":{"rendered":"<p>Programa REFIT FOR LIFE - Para pacientes transplantados A WTGF est\u00e1 comprometida em celebrar o [&hellip;]<\/p>\n","protected":false},"author":3,"featured_media":35101,"parent":0,"menu_order":0,"comment_status":"closed","ping_status":"closed","template":"","meta":{"_acf_changed":false,"footnotes":""},"class_list":["post-35126","page","type-page","status-publish","has-post-thumbnail","hentry"],"acf":[],"_links":{"self":[{"href":"https:\/\/site.abto.org.br\/en\/wp-json\/wp\/v2\/pages\/35126","targetHints":{"allow":["GET"]}}],"collection":[{"href":"https:\/\/site.abto.org.br\/en\/wp-json\/wp\/v2\/pages"}],"about":[{"href":"https:\/\/site.abto.org.br\/en\/wp-json\/wp\/v2\/types\/page"}],"author":[{"embeddable":true,"href":"https:\/\/site.abto.org.br\/en\/wp-json\/wp\/v2\/users\/3"}],"replies":[{"embeddable":true,"href":"https:\/\/site.abto.org.br\/en\/wp-json\/wp\/v2\/comments?post=35126"}],"version-history":[{"count":0,"href":"https:\/\/site.abto.org.br\/en\/wp-json\/wp\/v2\/pages\/35126\/revisions"}],"wp:featuredmedia":[{"embeddable":true,"href":"https:\/\/site.abto.org.br\/en\/wp-json\/wp\/v2\/media\/35101"}],"wp:attachment":[{"href":"https:\/\/site.abto.org.br\/en\/wp-json\/wp\/v2\/media?parent=35126"}],"curies":[{"name":"wp","href":"https:\/\/api.w.org\/{rel}","templated":true}]}}