{"id":36466,"date":"2025-10-06T10:15:15","date_gmt":"2025-10-06T13:15:15","guid":{"rendered":"https:\/\/site.abto.org.br\/?page_id=36466"},"modified":"2025-10-06T10:37:20","modified_gmt":"2025-10-06T13:37:20","slug":"abto-eleicoes-2025-gestao-2026-2027-instrucoes-p-candidaturas","status":"publish","type":"page","link":"https:\/\/site.abto.org.br\/en\/abto-eleicoes-2025-gestao-2026-2027-instrucoes-p-candidaturas\/","title":{"rendered":"ABTO - ELEI\u00c7\u00d5ES 2025 \u2013 GEST\u00c3O 2026\/2027 - Instru\u00e7\u00f5es p\/Candidaturas"},"content":{"rendered":"<p>1) As candidaturas ser\u00e3o realizadas virtualmente.<\/p>\n\n\n\n<p>2) Criamos um e-mail exclusivo para o recebimento das inscri\u00e7\u00f5es: <a href=\"mailto:eleicoesabto2025@abto.org.br\"><strong>eleicoesabto2025@abto.org.br<\/strong><\/a><strong><\/strong><\/p>\n\n\n\n<p>3) Os candidatos aos <strong>Departamentos Setoriais<\/strong> ou ao <strong>Conselho Consultivo<\/strong> devem enviar um e-mail com as seguintes informa\u00e7\u00f5es: <strong>Departamento de<\/strong> .................. &nbsp;&nbsp;&nbsp;ou &nbsp;&nbsp;<strong>Conselho Consultivo<\/strong><\/p>\n\n\n\n<p>Nome completo:<\/p>\n\n\n\n<p>Nacionalidade:<\/p>\n\n\n\n<p>Estado Civil:<\/p>\n\n\n\n<p>CPF:<\/p>\n\n\n\n<p>RG:<\/p>\n\n\n\n<p>Endere\u00e7o completo:<\/p>\n\n\n\n<p><strong>Obs.<\/strong>: <strong><u>Candidatura para chapa de Diretoria<\/u><\/strong>: A mensagem dever\u00e1 conter uma folha (<strong><a href=\"https:\/\/site.abto.org.br\/wp-content\/uploads\/2025\/10\/IMPRESSO-INSCRICAO-DE-CHAPAS-Diretoria-2026_2027.pdf\" target=\"_blank\" rel=\"noreferrer noopener\">modelo anexo<\/a><\/strong>), com as seguintes informa\u00e7\u00f5es: Nome da Chapa, nome completo de cada integrante, cargo a ser ocupado por cada um (Presidente, Vice-Presidente, 1\u00ba Secret\u00e1rio, 2\u00ba Secret\u00e1rio, 1\u00ba Tesoureiro e 2\u00ba Tesoureiro), n\u00famero dos documentos (CPF, RG e CRM), n\u00ba do celular, e-mail e assinatura de cada um.<\/p>\n\n\n\n<p>4) <u>In\u00edcio das inscri\u00e7\u00f5es<\/u>: \u00a0<strong>01\/10\/2025<\/strong>\u00a0\u00a0\u00a0\u00a0\u00a0\u00a0\u00a0 \u00a0\u00a0 \u00a0\u00a0\u00a0\u00a0\u00a0\u00a0\u00a0\u00a0\u00a0\u00a0\u00a0\u00a0 Prazo final para as inscri\u00e7\u00f5es: <strong>18\/10\/2025, \u00e0s 13h<em>.<\/em><\/strong><\/p>\n\n\n\n<p>&nbsp;&nbsp;&nbsp;&nbsp; <strong><u>Importante<\/u><\/strong>: <strong>Inscri\u00e7\u00f5es al\u00e9m desse prazo n\u00e3o ser\u00e3o aceitas.<\/strong><\/p>\n\n\n\n<p>5) Pr\u00e9-requisitos para as candidaturas:<\/p>\n\n\n\n<p><strong>\u00b7<\/strong><strong> &nbsp;&nbsp;<u>Departamentos Setoriais<\/u>:&nbsp; <\/strong>Associados titulares (m\u00e9dicos ou n\u00e3o) por <strong>dois<\/strong> ou mais anos<\/p>\n\n\n\n<p>&nbsp;&nbsp;&nbsp;&nbsp; consecutivos.<\/p>\n\n\n\n<p><strong>\u00a0\u00a0\u00a0\u00a0 <\/strong>Declara\u00e7\u00e3o de concord\u00e2ncia com o Regimento Interno dos Departamentos:<\/p>\n\n\n\n<p><strong><em>&nbsp;&nbsp;&nbsp;&nbsp; \u201cDeclaro estar ciente e concordo com os termos do Regimento Interno dos Departamentos.\u201d<\/em><\/strong><strong> <\/strong><strong><em><\/em><\/strong><\/p>\n\n\n\n<p>\u00a0\u00a0\u00a0\u00a0\u00a0\u00a0 (Segue <strong><u><a href=\"https:\/\/site.abto.org.br\/wp-content\/uploads\/2025\/10\/Regimento-Interno-Departamentos-Setoriais-2025.pdf\" target=\"_blank\" rel=\"noreferrer noopener\">anexo<\/a><\/u><\/strong> o Regimento Interno com a lista dos atuais Departamentos)<\/p>\n\n\n\n<p><strong>\u00b7<\/strong><strong> &nbsp;&nbsp;<u>Conselho Consultivo<\/u>: <\/strong>Associados titulares m\u00e9dicos, por <strong>tr\u00eas<\/strong> ou mais anos consecutivos.<\/p>\n\n\n\n<p><strong>\u00b7<\/strong><strong> &nbsp;&nbsp;<u>Diretoria<\/u><\/strong>: Associados titulares m\u00e9dicos, por <strong>tr\u00eas<\/strong> ou mais anos consecutivos.<\/p>\n\n\n\n<p>&nbsp;&nbsp;&nbsp;&nbsp; Obs.: Dois membros, ao menos, dever\u00e3o residir na regi\u00e3o metropolitana da sede da ABTO&nbsp;&nbsp;&nbsp;&nbsp;&nbsp;&nbsp;&nbsp;&nbsp;&nbsp;&nbsp;&nbsp;&nbsp;&nbsp;&nbsp;&nbsp;&nbsp;&nbsp; &nbsp;&nbsp;&nbsp;&nbsp;&nbsp;&nbsp;&nbsp;&nbsp; &nbsp;&nbsp;&nbsp;&nbsp;&nbsp;&nbsp;&nbsp;(S\u00e3o Paulo\/Capital).<\/p>\n\n\n\n<p><strong>Observa\u00e7\u00f5es<\/strong>:<\/p>\n\n\n\n<ol class=\"wp-block-list\">\n<li>Cada associado adimplente poder\u00e1 candidatar-se a <strong>apenas um cargo eletivo por vez<\/strong>, quer seja para a Diretoria, Conselho Consultivo ou Departamento Setorial.<\/li>\n\n\n\n<li>Somente poder\u00e3o candidatar-se para qualquer cargo eletivo, os associados <strong>titulares adimplentes at\u00e9 o momento da inscri\u00e7\u00e3o<\/strong>.<\/li>\n\n\n\n<li><strong>As candidaturas dever\u00e3o ser encaminhadas somente ao e-mail <\/strong><a href=\"mailto:eleicoesabto2025@abto.org.br\"><strong>eleicoesabto2025@abto.org.br<\/strong><\/a><strong>.<\/strong><\/li>\n<\/ol>\n\n\n\n<p>Qualquer d\u00favida poder\u00e1 ser esclarecida com a Secret\u00e1ria da ABTO.<\/p>\n\n\n\n<p>Atenciosamente,<\/p>\n\n\n\n<p><strong>A Diretoria<\/strong><\/p>","protected":false},"excerpt":{"rendered":"<p>1) As candidaturas ser\u00e3o realizadas virtualmente. 2) Criamos um e-mail exclusivo para o recebimento das [&hellip;]<\/p>\n","protected":false},"author":18825,"featured_media":0,"parent":0,"menu_order":0,"comment_status":"closed","ping_status":"closed","template":"","meta":{"_acf_changed":false,"footnotes":""},"class_list":["post-36466","page","type-page","status-publish","hentry"],"acf":[],"_links":{"self":[{"href":"https:\/\/site.abto.org.br\/en\/wp-json\/wp\/v2\/pages\/36466","targetHints":{"allow":["GET"]}}],"collection":[{"href":"https:\/\/site.abto.org.br\/en\/wp-json\/wp\/v2\/pages"}],"about":[{"href":"https:\/\/site.abto.org.br\/en\/wp-json\/wp\/v2\/types\/page"}],"author":[{"embeddable":true,"href":"https:\/\/site.abto.org.br\/en\/wp-json\/wp\/v2\/users\/18825"}],"replies":[{"embeddable":true,"href":"https:\/\/site.abto.org.br\/en\/wp-json\/wp\/v2\/comments?post=36466"}],"version-history":[{"count":0,"href":"https:\/\/site.abto.org.br\/en\/wp-json\/wp\/v2\/pages\/36466\/revisions"}],"wp:attachment":[{"href":"https:\/\/site.abto.org.br\/en\/wp-json\/wp\/v2\/media?parent=36466"}],"curies":[{"name":"wp","href":"https:\/\/api.w.org\/{rel}","templated":true}]}}