{"id":56,"date":"2023-08-23T14:00:00","date_gmt":"2023-08-23T17:00:00","guid":{"rendered":"https:\/\/abto.suryamkt.com.br\/?page_id=56"},"modified":"2025-05-19T10:14:17","modified_gmt":"2025-05-19T13:14:17","slug":"como-ser-um-doador","status":"publish","type":"page","link":"https:\/\/site.abto.org.br\/en\/como-ser-um-doador\/","title":{"rendered":"How to be a donor"},"content":{"rendered":"<p>Com rela\u00e7\u00e3o a ser, efetivamente, um doador de \u00f3rg\u00e3os e\/ou tecidos para transplante, pela legisla\u00e7\u00e3o vigente, nenhuma declara\u00e7\u00e3o em vida \u00e9 v\u00e1lida ou necess\u00e1ria, n\u00e3o h\u00e1 validade se deixar em testamento, n\u00e3o s\u00e3o mais v\u00e1lidas as declara\u00e7\u00f5es nos documentos de identidade\/carteiras de habilita\u00e7\u00e3o e nem mesmo as carteirinhas de doador.<br><\/p>\n\n\n\n<p>Assim sendo, quem deve e pode autorizar a doa\u00e7\u00e3o em caso de morte encef\u00e1lica \u00e9 a sua fam\u00edlia que, para tomar essa decis\u00e3o, precisa estar ciente de que voc\u00ea quer doar seus \u00f3rg\u00e3os e\/ou tecidos. Por essa raz\u00e3o, \u00e9 muito importante discutir o assunto, em vida, com os seus familiares, o que permitir\u00e1 tamb\u00e9m a todos que participarem dessa conversa, revelarem-se doadores ou n\u00e3o de \u00f3rg\u00e3os. Essa simples conversa, permitir\u00e1 aos familiares, tomar uma decis\u00e3o r\u00e1pida e consciente, caso a situa\u00e7\u00e3o se apresente.<\/p>\n\n\n\n<p><br>Uma outra forma seria cadastrar sua inten\u00e7\u00e3o de ser um doador de \u00f3rg\u00e3os, registrando-se no site da Autoriza\u00e7\u00e3o Eletr\u00f4nica de Doa\u00e7\u00e3o de \u00d3rg\u00e3os (AEDO),dispon\u00edvel em\u00a0aedo.org.br\u00a0ou atrav\u00e9s do aplicativo e-Notariado.\u00a0Essa forma de cadastro \u00e9 gratuita e, inclusive, permite que voc\u00ea selecione quais \u00f3rg\u00e3os deseja doar.\u00a0Esse cadastro, tamb\u00e9m, facilitar\u00e1 a decis\u00e3o de sua fam\u00edlia.<br><\/p>\n\n\n\n<p>No caso de doa\u00e7\u00e3o em vida, \u00e9 permitida \u00e0 pessoa juridicamente capaz dispor gratuitamente de tecidos, \u00f3rg\u00e3os e partes do pr\u00f3prio corpo vivo, para fins terap\u00eauticos ou para transplantes, para c\u00f4njuge ou parentes consangu\u00edneos at\u00e9 o quarto grau, inclusive. Para qualquer outra pessoa, somente mediante<br>autoriza\u00e7\u00e3o judicial, mais avalia\u00e7\u00e3o da Central de Transplantes e da Comiss\u00e3o de \u00c9tica do hospital, onde seja totalmente descartada a possibilidade de com\u00e9rcio de \u00f3rg\u00e3os, exceto quando se trata de doa\u00e7\u00e3o de medula \u00f3ssea. Se desejar saber mais sobre doa\u00e7\u00e3o de medula \u00f3ssea, visite o site www.ameo.org.br.<\/p>","protected":false},"excerpt":{"rendered":"<p>Com rela\u00e7\u00e3o a ser, efetivamente, um doador de \u00f3rg\u00e3os e\/ou tecidos para transplante, pela legisla\u00e7\u00e3o [&hellip;]<\/p>","protected":false},"author":5,"featured_media":5304,"parent":0,"menu_order":22,"comment_status":"closed","ping_status":"closed","template":"","meta":{"_acf_changed":false,"footnotes":""},"class_list":["post-56","page","type-page","status-publish","has-post-thumbnail","hentry"],"acf":[],"_links":{"self":[{"href":"https:\/\/site.abto.org.br\/en\/wp-json\/wp\/v2\/pages\/56","targetHints":{"allow":["GET"]}}],"collection":[{"href":"https:\/\/site.abto.org.br\/en\/wp-json\/wp\/v2\/pages"}],"about":[{"href":"https:\/\/site.abto.org.br\/en\/wp-json\/wp\/v2\/types\/page"}],"author":[{"embeddable":true,"href":"https:\/\/site.abto.org.br\/en\/wp-json\/wp\/v2\/users\/5"}],"replies":[{"embeddable":true,"href":"https:\/\/site.abto.org.br\/en\/wp-json\/wp\/v2\/comments?post=56"}],"version-history":[{"count":0,"href":"https:\/\/site.abto.org.br\/en\/wp-json\/wp\/v2\/pages\/56\/revisions"}],"wp:featuredmedia":[{"embeddable":true,"href":"https:\/\/site.abto.org.br\/en\/wp-json\/wp\/v2\/media\/5304"}],"wp:attachment":[{"href":"https:\/\/site.abto.org.br\/en\/wp-json\/wp\/v2\/media?parent=56"}],"curies":[{"name":"wp","href":"https:\/\/api.w.org\/{rel}","templated":true}]}}