{"id":66,"date":"2023-08-23T14:00:00","date_gmt":"2023-08-23T17:00:00","guid":{"rendered":"https:\/\/abto.suryamkt.com.br\/?page_id=66"},"modified":"2023-12-14T12:16:16","modified_gmt":"2023-12-14T15:16:16","slug":"quem-somos","status":"publish","type":"page","link":"https:\/\/site.abto.org.br\/en\/instituicao\/quem-somos\/","title":{"rendered":"Who We Are"},"content":{"rendered":"<p>Created in 1986, the Brazilian Organ Transplant Association (ABTO) is a civil, non-profit medical society, whose main objective is to stimulate the development of all activities related to organ transplantation in Brazil, contributing to the establishment of norms, as well as the creation and improvement of legislation related to the subject.<\/p>\n\n\n\n<p>The first years were not easy, especially from the financial point of view, when the ABTO board had to bear several expenses through private resources. In addition, there were times when the number of organ donors was non-existent and it was necessary to act in the media to broadly raise awareness of the issue.<\/p>\n\n\n\n<p>So much work paid off and, starting in 1995, ABTO began to gain importance and finally projected itself on the national scene, where it actively works to congregate professionals and entities to the cause, stimulating research, knowledge dissemination, the creation of donation centers, organ banks, and recipient identification services, among many other actions to disseminate the importance of organ transplantation in the country.<\/p>\n\n\n\n<p>Com quase 40 anos de hist\u00f3ria, a ABTO se firmou como uma Associa\u00e7\u00e3o que construiu, junto aos profissionais de sa\u00fade e o Sistema Nacional de Transplantes, um dos programas mais bem sucedidos de transplantes de \u00f3rg\u00e3os do mundo. O trabalho cont\u00ednuo de fomentar a doa\u00e7\u00e3o de \u00f3rg\u00e3os e apoiar profissionais \u00e9 fundamental para que os transplantes continuem a crescer no pais, possibilitando slavar vidas e trazer esperan\u00e7a a tantas fam\u00edlias.<\/p>\n\n\n\n<p><strong>Miss\u00e3o<\/strong><\/p>\n\n\n\n<p>A Associa\u00e7\u00e3o Brasileira de Transplante de \u00d3rg\u00e3os (ABTO) tem por miss\u00e3o congregar m\u00e9dicos e profissionais da sa\u00fade em torno dos Transplantes de \u00d3rg\u00e3os e Tecidos, promovendo o crescimento dos programas de transplante, atrav\u00e9s do apoio aos profissionais, incentivo a projetos cient\u00edficos e educacionais, colabora\u00e7\u00e3o com as demandas das sociedades m\u00e9dicas afins e com as demandas governamentais, no sentido de garantir \u00e0 sociedade universaliza\u00e7\u00e3o do acesso aos transplantes.<\/p>\n\n\n\n<p><strong>Vis\u00e3o<\/strong><\/p>\n\n\n\n<p>Ocupar posi\u00e7\u00e3o de destaque na sociedade e nas comunidades m\u00e9dica e cient\u00edfica, facilitando o acesso ao conhecimento e \u00e0 sa\u00fade relacionados aos transplantes de \u00f3rg\u00e3os e tecidos no Brasil, em conson\u00e2ncia com as necessidades dos profissionais que atuam na \u00e1rea, dos pacientes em fila de transplante e transplantados e do Sistema \u00danico de Sa\u00fade e Sistema de Sa\u00fade Suplementar, atrav\u00e9s de uma gest\u00e3o econ\u00f4mica autossustent\u00e1vel.<\/p>\n\n\n\n<p><strong>Valores<\/strong><\/p>\n\n\n\n<p>Compromisso com o associado e sociedade, prezando pela \u00e9tica e transpar\u00eancia nas suas rela\u00e7\u00f5es.<\/p>","protected":false},"excerpt":{"rendered":"<p>Criada em 1986, a Associa\u00e7\u00e3o Brasileira de Transplante de \u00d3rg\u00e3os (ABTO) \u00e9 uma sociedade m\u00e9dica [&hellip;]<\/p>","protected":false},"author":3,"featured_media":0,"parent":54,"menu_order":18,"comment_status":"closed","ping_status":"closed","template":"","meta":{"_acf_changed":false,"footnotes":""},"class_list":["post-66","page","type-page","status-publish","hentry"],"acf":[],"_links":{"self":[{"href":"https:\/\/site.abto.org.br\/en\/wp-json\/wp\/v2\/pages\/66","targetHints":{"allow":["GET"]}}],"collection":[{"href":"https:\/\/site.abto.org.br\/en\/wp-json\/wp\/v2\/pages"}],"about":[{"href":"https:\/\/site.abto.org.br\/en\/wp-json\/wp\/v2\/types\/page"}],"author":[{"embeddable":true,"href":"https:\/\/site.abto.org.br\/en\/wp-json\/wp\/v2\/users\/3"}],"replies":[{"embeddable":true,"href":"https:\/\/site.abto.org.br\/en\/wp-json\/wp\/v2\/comments?post=66"}],"version-history":[{"count":0,"href":"https:\/\/site.abto.org.br\/en\/wp-json\/wp\/v2\/pages\/66\/revisions"}],"up":[{"embeddable":true,"href":"https:\/\/site.abto.org.br\/en\/wp-json\/wp\/v2\/pages\/54"}],"wp:attachment":[{"href":"https:\/\/site.abto.org.br\/en\/wp-json\/wp\/v2\/media?parent=66"}],"curies":[{"name":"wp","href":"https:\/\/api.w.org\/{rel}","templated":true}]}}