{"id":80,"date":"2023-08-23T14:00:00","date_gmt":"2023-08-23T17:00:00","guid":{"rendered":"https:\/\/abto.suryamkt.com.br\/?page_id=80"},"modified":"2026-03-16T14:54:43","modified_gmt":"2026-03-16T17:54:43","slug":"gat","status":"publish","type":"page","link":"https:\/\/site.abto.org.br\/en\/instituicao\/gat\/","title":{"rendered":"GAT - Grupo de Apoio aos Transplantados"},"content":{"rendered":"<p>O GAT \u2013 Grupo de Apoio aos Transplantados \u00e9 formado por profissionais de diferentes \u00e1reas e que atuam em transplante. Nossa proposta \u00e9 oferecer informa\u00e7\u00f5es e orienta\u00e7\u00f5es&nbsp;aos&nbsp;pacientes transplantados ou que aguardam por transplantes e&nbsp;\u00e0s&nbsp;suas fam\u00edlias.<\/p>\n\n\n\n<p>Esclarecimentos podem ser buscados nos manuais e textos que se encontram&nbsp;nos links abaixo.<\/p>\n\n\n\n<p>Alguns dos materiais aqui dispon\u00edveis referem-se&nbsp;a \u00e1reas espec\u00edficas, para facilitar a busca; contudo, \u00e9 importante que pacientes e familiares entendam, como n\u00f3s, que cuidar da sa\u00fade \u00e9 cuidar de tudo o que diz respeito ao paciente.<\/p>\n\n\n\n<p>D\u00favidas, quest\u00f5es e sugest\u00f5es tamb\u00e9m podem ser enviadas atrav\u00e9s do e-mail:&nbsp;<a href=\"mailto:gat@abto.org.br\" target=\"_blank\" rel=\"noreferrer noopener\">gat@abto.org.br<\/a><\/p>\n\n\n\n<p><strong>Membros Efetivos:<\/strong><\/p>\n\n\n\n<p>Maria Celeste do Patroc\u00ednio Almeida (Coordenadora)<\/p>\n\n\n\n<p>Andreia Ribeiro de Almeida<\/p>\n\n\n\n<p>Gra\u00e7a Marino M. Totaro<\/p>\n\n\n\n<p>Jo\u00e3o Luis Erbs Pessoa<\/p>\n\n\n\n<p>Sandra Maria Matta<\/p>\n\n\n\n<p><strong>Membros Colaboradores:<\/strong><br>Bartira de Aguiar Roza<br>Karina Dal Sasso Mendes<\/p>\n\n\n\n<p><strong>GAT History<\/strong><\/p>\n\n\n\n<p><strong><\/strong>On March 12, 2004, at the headquarters of the Brazilian Association of Organ Transplants - ABTO, the Transplant Support Group - GAT was created, under the coordination of Psychologist Rosana Trindade Santos Rodrigues.<\/p>\n\n\n\n<p>The first meeting was attended by Dr. Walter Pereira, president of ABTO, Dr. Maria Cristina Ribeiro Castro, vice-president of ABTO. Maria Cristina Ribeiro de Castro, vice-president of ABTO; the Psychologists: Rosana Trindade Santos Rodrigues, Alexandre Bezerra do Nascimento e Silva, Maria das Gra\u00e7as Saturnino de Lima, Sandra Fernandes de Amorim, Denise Diniz, and Rita Calegari; the Nurses: Valdecira Maria Piveta, Bartira de Aguiar Roza, F\u00e1tima Beatriz Ferreira, Iriane Dias Murbach, and Maria Celeste Patroc\u00ednio; the Nutritionist Simone Chicoli de Santana, and the patient Renize Marta Riccio Fraz\u00e3o.<\/p>\n\n\n\n<p>Acesse nossos materiais sobre o assunto:<\/p>\n\n\n\n<p><a href=\"https:\/\/site.abto.org.br\/wp-content\/uploads\/2023\/04\/Manual-Assistencia-Social-Corrigida-abr-2023.pdf\" target=\"_blank\" rel=\"noreferrer noopener\">Manual de Assist\u00eancia Social<\/a><\/p>\n\n\n\n<p><a href=\"https:\/\/site.abto.org.br\/wp-content\/uploads\/2023\/04\/Manual-Orientacoes-Odontologicas-para-pacientes-de-transplantes-de-tecidos-e-orgaos-Rev.abr_2023.pdf\" target=\"_blank\" rel=\"noreferrer noopener\">Manual de Orienta\u00e7\u00f5es Odontol\u00f3gicas<\/a><\/p>","protected":false},"excerpt":{"rendered":"<p>O GAT \u2013 Grupo de Apoio aos Transplantados \u00e9 formado por profissionais de diferentes \u00e1reas [&hellip;]<\/p>","protected":false},"author":3,"featured_media":5306,"parent":54,"menu_order":35,"comment_status":"closed","ping_status":"closed","template":"","meta":{"_acf_changed":false,"footnotes":""},"class_list":["post-80","page","type-page","status-publish","has-post-thumbnail","hentry"],"acf":[],"_links":{"self":[{"href":"https:\/\/site.abto.org.br\/en\/wp-json\/wp\/v2\/pages\/80","targetHints":{"allow":["GET"]}}],"collection":[{"href":"https:\/\/site.abto.org.br\/en\/wp-json\/wp\/v2\/pages"}],"about":[{"href":"https:\/\/site.abto.org.br\/en\/wp-json\/wp\/v2\/types\/page"}],"author":[{"embeddable":true,"href":"https:\/\/site.abto.org.br\/en\/wp-json\/wp\/v2\/users\/3"}],"replies":[{"embeddable":true,"href":"https:\/\/site.abto.org.br\/en\/wp-json\/wp\/v2\/comments?post=80"}],"version-history":[{"count":0,"href":"https:\/\/site.abto.org.br\/en\/wp-json\/wp\/v2\/pages\/80\/revisions"}],"up":[{"embeddable":true,"href":"https:\/\/site.abto.org.br\/en\/wp-json\/wp\/v2\/pages\/54"}],"wp:featuredmedia":[{"embeddable":true,"href":"https:\/\/site.abto.org.br\/en\/wp-json\/wp\/v2\/media\/5306"}],"wp:attachment":[{"href":"https:\/\/site.abto.org.br\/en\/wp-json\/wp\/v2\/media?parent=80"}],"curies":[{"name":"wp","href":"https:\/\/api.w.org\/{rel}","templated":true}]}}